{"id":19,"date":"2014-07-18T17:35:11","date_gmt":"2014-07-18T15:35:11","guid":{"rendered":"http:\/\/localhost\/SaachHuerens\/?page_id=19"},"modified":"2022-04-25T22:17:33","modified_gmt":"2022-04-25T20:17:33","slug":"saach-huerens","status":"publish","type":"page","link":"http:\/\/www.saachhuerens.de\/?page_id=19","title":{"rendered":"\u00dcber Uns"},"content":{"rendered":"<h2 style=\"text-align: center;\"><\/h2>\n<h2 style=\"text-align: center;\">Unser Verein in aller K\u00fcrze&#8230;<\/h2>\n<p style=\"text-align: left;\">Gegr\u00fcndet am 12.12.2012, versteht sich <strong>&#8222;Saach h\u00fcr ens&#8220; Lohmar e.V.\u00a0<\/strong>als Brauchtumsverein zur F\u00f6rderung und zum Erhalt der rheinischen Mundart.<\/p>\n<p style=\"text-align: left;\">Zu diesem Zwecke sind wir eine Kooperation mit der Musik- und Kunstschule der Stadt Lohmar eingegangen.<\/p>\n<p style=\"text-align: left;\">Hier k\u00f6nnen sich vor allem interessierte Jugendliche ab dem 10. Lebensjahr \u00a0in der rheinischen Mundart unterrichten lassen. In speziellen &#8222;Workshops&#8220;\u00a0wird Ihnen auch ein Kurs zur Erlangung des &#8222;Kleinen K\u00f6lsch-Diploms&#8220; erm\u00f6glicht, der von\u00a0\u00a0<strong>&#8222;Saach h\u00fcr ens&#8220; Lohmar e.V. &#8222;<\/strong> finanziert wird.\u00a0Diesen Kurs bieten wir in erweiterter Form auch in regelm\u00e4\u00dfigen Abst\u00e4nden f\u00fcr Erwachsene an, die daf\u00fcr einen kleinen Kostenbeitrag entrichten. Vereinsmitglieder erhalten dabei einen Preisnachlass.<\/p>\n<p style=\"text-align: left;\">Besonders begabte Jugendliche sollen in diesem Rahmen auch ermutigt werden, sich mit dem Erlernten auf der B\u00fchne zu pr\u00e4sentieren. Dies geschieht \u00fcber das Jahr verteilt bei\u00a0verschieden Veranstaltungen in der Region: Brauchtumsveranstaltungen \u00a0und Feiern aller Art, in der Advent- \u00a0und Weihnachtszeit und im Karneval.<\/p>\n<p style=\"text-align: left;\">Spezial ausgebildete p\u00e4dagogische Fachkr\u00e4fte mit langj\u00e4hriger Erfahrung aus dem K\u00f6lner Karneval werden von unserem Verein engagiert, um mit den Sch\u00fclern mehrt\u00e4gige Seminare zur Erlangung geeigneter &#8222;B\u00fchnenpr\u00e4senz&#8220; f\u00fcr die klassische B\u00fcttenrede und f\u00fcr Zwiegespr\u00e4che durchzuf\u00fchren.<\/p>\n<p style=\"text-align: left;\">Ebenso wollen wir auch dem Erwachsenen-Publikum in der Region und unseren Mitgliedern etwas bieten. Wir tun dies nicht nur mit dem &#8222;Kleinen K\u00f6lsch-Diplom&#8220;, sondern auch durch Veranstaltungen aller Art wie &#8222;Loss m&#8217;r singe&#8220; &#8211; und &#8222;Loss m&#8217;r schwade &#8211; \u00d6vende&#8220;, mundartliche F\u00fchrungen und Theaterbesuche, Vereinsfeiern und nat\u00fcrlich durch unsere j\u00e4hrliche &#8222;Saach h\u00fcr ens&#8220; &#8211; Karnevalssitzung mit eigenen Akteuren und Stars des K\u00f6lner Karnevals.<\/p>\n<p style=\"text-align: left;\">All dies zu erm\u00f6glichen, besonders auch in finanzieller Hinsicht, ist Aufgabe und Inhalt der Arbeit von\u00a0<strong>&#8222;Saach h\u00fcr ens&#8220; Lohmar e.V.<\/strong><\/p>\n<p style=\"text-align: left;\">Sollten Sie diese Zeilen angesprochen haben und sollten Sie \u00fcberzeugt sein, dass durch unseren Verein in Lohmar eine gute Sache entstanden ist, laden wir Sie herzlich dazu ein, bei\u00a0<strong>&#8222;Saach h\u00fcr ens&#8220; Lohmar e.V.\u00a0<\/strong>Mitglied zu werden.<\/p>\n<p style=\"text-align: left;\">F\u00fcr die Umsetzung unserer Ziele freue wir uns ebenso \u00fcber Ihre Spende auf einer der unten aufgef\u00fchrten Kontoverbindungen. Gerne stellen wir Ihnen auf Wunsch eine Spendenbescheinigung aus.<\/p>\n<p style=\"text-align: left;\">Wir freuen uns auf Sie und Ihre Unterst\u00fctzung.<\/p>\n<p style=\"text-align: left;\">Ihr\u00a0<strong>&#8222;Saach h\u00fcr ens&#8220;<\/strong> &#8211; Vorstand<\/p>\n<p style=\"text-align: left;\"><strong><a title=\"Beitrittsformular\" href=\"http:\/\/www.saachhuerens.de\/wp-content\/uploads\/2022\/01\/Beitrittserkl\u00e4rung-2022-1.pdf\">Hier<\/a><\/strong> finden sie unser Beitrittsformular<\/p>\n<p style=\"text-align: left;\"><strong><a title=\"Datenschutzerkl\u00e4rung\" href=\"http:\/\/www.saachhuerens.de\/?page_id=139\">Hier <\/a><\/strong>finden sie unsere Datenschutzerkl\u00e4rung<\/p>\n<p><strong><a href=\"http:\/\/www.saachhuerens.de\/wp-content\/uploads\/2022\/04\/Satzung-Saach-huer-ens-2021.pdf\">Hier<\/a><\/strong> finden sie unsere Satzung<\/p>\n<p style=\"text-align: left;\"><strong>Wir sind Mitglied im :<\/strong><\/p>\n<p style=\"text-align: left;\">\u00a0<a href=\"http:\/\/www.vereinskomitee.de\/\"><img loading=\"lazy\" decoding=\"async\" src=\"http:\/\/www.saachhuerens.de\/wp-content\/uploads\/2015\/01\/Vereinskomitee-Logo.jpg\" alt=\"Vereinskomitee Logo\" width=\"34\" height=\"36\" \/><\/a><a href=\"http:\/\/www.vereinskomitee.de\/\"><img loading=\"lazy\" decoding=\"async\" src=\"http:\/\/www.saachhuerens.de\/wp-content\/uploads\/2015\/01\/Vereinskomitee-Schrift.jpg\" alt=\"\" width=\"198\" height=\"25\" \/><\/a><\/p>\n<p style=\"text-align: left;\"><a href=\"http:\/\/www.saachhuerens.de\/wp-content\/uploads\/2014\/07\/Konto1.png\"><img loading=\"lazy\" decoding=\"async\" class=\"aligncenter size-full wp-image-242\" src=\"http:\/\/www.saachhuerens.de\/wp-content\/uploads\/2014\/07\/Konto1.png\" alt=\"Konto\" width=\"750\" height=\"120\" srcset=\"http:\/\/www.saachhuerens.de\/wp-content\/uploads\/2014\/07\/Konto1.png 750w, http:\/\/www.saachhuerens.de\/wp-content\/uploads\/2014\/07\/Konto1-300x48.png 300w\" sizes=\"auto, (max-width: 750px) 100vw, 750px\" \/><\/a><\/p>\n<div class=\"csColumnGap\" style=\"margin: 0px; padding: 0px; float: left; width: 1.56%;\"><\/div>\n","protected":false},"excerpt":{"rendered":"<p>Unser Verein in aller K\u00fcrze&#8230; Gegr\u00fcndet am 12.12.2012, versteht sich &#8222;Saach h\u00fcr ens&#8220; Lohmar e.V.\u00a0als Brauchtumsverein zur F\u00f6rderung und zum&hellip;<\/p>\n","protected":false},"author":1,"featured_media":0,"parent":0,"menu_order":0,"comment_status":"closed","ping_status":"closed","template":"","meta":{"footnotes":""},"class_list":["post-19","page","type-page","status-publish","hentry"],"_links":{"self":[{"href":"http:\/\/www.saachhuerens.de\/index.php?rest_route=\/wp\/v2\/pages\/19","targetHints":{"allow":["GET"]}}],"collection":[{"href":"http:\/\/www.saachhuerens.de\/index.php?rest_route=\/wp\/v2\/pages"}],"about":[{"href":"http:\/\/www.saachhuerens.de\/index.php?rest_route=\/wp\/v2\/types\/page"}],"author":[{"embeddable":true,"href":"http:\/\/www.saachhuerens.de\/index.php?rest_route=\/wp\/v2\/users\/1"}],"replies":[{"embeddable":true,"href":"http:\/\/www.saachhuerens.de\/index.php?rest_route=%2Fwp%2Fv2%2Fcomments&post=19"}],"version-history":[{"count":42,"href":"http:\/\/www.saachhuerens.de\/index.php?rest_route=\/wp\/v2\/pages\/19\/revisions"}],"predecessor-version":[{"id":4034,"href":"http:\/\/www.saachhuerens.de\/index.php?rest_route=\/wp\/v2\/pages\/19\/revisions\/4034"}],"wp:attachment":[{"href":"http:\/\/www.saachhuerens.de\/index.php?rest_route=%2Fwp%2Fv2%2Fmedia&parent=19"}],"curies":[{"name":"wp","href":"https:\/\/api.w.org\/{rel}","templated":true}]}}