{"id":24,"date":"2014-07-18T17:35:21","date_gmt":"2014-07-18T15:35:21","guid":{"rendered":"http:\/\/localhost\/SaachHuerens\/?page_id=24"},"modified":"2025-04-23T21:35:05","modified_gmt":"2025-04-23T19:35:05","slug":"impressum","status":"publish","type":"page","link":"http:\/\/www.saachhuerens.de\/?page_id=24","title":{"rendered":"Impressum &#038; Satzung"},"content":{"rendered":"<h2>Impressum<\/h2>\n<h3>Angaben gem\u00e4\u00df \u00a7 5 TMG:<\/h3>\n<p>&#8222;Saach, h\u00fcr ens&#8220; Lohmar e.V.<br \/>\nGesch\u00e4ftsstelle Henning Jahnke<br \/>\nPoststra\u00dfe 12<br \/>\n53797 Lohmar<\/p>\n<h3>Vertreten durch:<\/h3>\n<p>Gesch\u00e4ftsf\u00fchrender Vorstand<br \/>\nHenning Jahnke<br \/>\nDoris Hochschild<br \/>\nChristian Lange-Kumm<\/p>\n<h3>Kontakt:<\/h3>\n<p>Telefon: \u00a002246 7766 <em>(E. Ru\u00dfkowski)<\/em><br \/>\nE-Mail:\u00a0\u00a0\u00a0\u00a0 &#105;&#110;&#x66;&#x6f;&#64;&#115;&#x61;&#x61;&#99;&#104;&#x68;&#x75;&#101;&#114;&#x65;&#x6e;&#115;&#46;&#x64;&#x65;<\/p>\n<h3>Registereintrag:<\/h3>\n<p>Eintragung im Vereinsregister.<br \/>\nRegistergericht: Amtsgericht Siegburg<br \/>\nRegisternummer: VR 3207<\/p>\n<h3>Verantwortlich f\u00fcr den Inhalt nach \u00a7 55 Abs. 2 RStV:<\/h3>\n<p>Verantwortlicher Ansprechpartner f\u00fcr Pressearbeit:<\/p>\n<p>Erwin Ru\u00dfkowski<br \/>\nJohannesstra\u00dfe 3<br \/>\n53797 Lohmar<\/p>\n<p>Tel.: 02246 7766<\/p>\n<p><strong><span style=\"font-size: 16pt;\">Satzung<\/span><\/strong><\/p>\n<p>Die aktuelle Satzung im PDF-Format finden Sie <a href=\"http:\/\/www.saachhuerens.de\/wp-content\/uploads\/2022\/04\/Satzung-Saach-huer-ens-2021.pdf\">hier<\/a>.<\/p>\n","protected":false},"excerpt":{"rendered":"<p>Impressum Angaben gem\u00e4\u00df \u00a7 5 TMG: &#8222;Saach, h\u00fcr ens&#8220; Lohmar e.V. Gesch\u00e4ftsstelle Henning Jahnke Poststra\u00dfe 12 53797 Lohmar Vertreten durch:&hellip;<\/p>\n","protected":false},"author":1,"featured_media":0,"parent":0,"menu_order":0,"comment_status":"closed","ping_status":"closed","template":"","meta":{"footnotes":""},"class_list":["post-24","page","type-page","status-publish","hentry"],"_links":{"self":[{"href":"http:\/\/www.saachhuerens.de\/index.php?rest_route=\/wp\/v2\/pages\/24","targetHints":{"allow":["GET"]}}],"collection":[{"href":"http:\/\/www.saachhuerens.de\/index.php?rest_route=\/wp\/v2\/pages"}],"about":[{"href":"http:\/\/www.saachhuerens.de\/index.php?rest_route=\/wp\/v2\/types\/page"}],"author":[{"embeddable":true,"href":"http:\/\/www.saachhuerens.de\/index.php?rest_route=\/wp\/v2\/users\/1"}],"replies":[{"embeddable":true,"href":"http:\/\/www.saachhuerens.de\/index.php?rest_route=%2Fwp%2Fv2%2Fcomments&post=24"}],"version-history":[{"count":15,"href":"http:\/\/www.saachhuerens.de\/index.php?rest_route=\/wp\/v2\/pages\/24\/revisions"}],"predecessor-version":[{"id":4309,"href":"http:\/\/www.saachhuerens.de\/index.php?rest_route=\/wp\/v2\/pages\/24\/revisions\/4309"}],"wp:attachment":[{"href":"http:\/\/www.saachhuerens.de\/index.php?rest_route=%2Fwp%2Fv2%2Fmedia&parent=24"}],"curies":[{"name":"wp","href":"https:\/\/api.w.org\/{rel}","templated":true}]}}